{"id":211575,"date":"2018-01-18T13:20:10","date_gmt":"2018-01-18T12:20:10","guid":{"rendered":"http:\/\/ecoleaces.com\/?page_id=211575"},"modified":"2018-04-05T01:30:21","modified_gmt":"2018-04-04T23:30:21","slug":"cheque","status":"publish","type":"page","link":"https:\/\/ecoleaces.com\/index.php\/cheque\/","title":{"rendered":"cheque"},"content":{"rendered":"<p>[et_pb_section bb_built=\u00a0\u00bb1&Prime; admin_label=\u00a0\u00bbPricing Paln Section\u00a0\u00bb _builder_version=\u00a0\u00bb3.0.101&Prime; custom_padding=\u00a0\u00bb||0px|\u00a0\u00bb next_background_color=\u00a0\u00bb#000000&Prime; use_background_color_gradient=\u00a0\u00bbon\u00a0\u00bb background_color_gradient_start=\u00a0\u00bb#ffffff\u00a0\u00bb background_color_gradient_end=\u00a0\u00bb#b4b5b0&Prime; background_color_gradient_direction=\u00a0\u00bb165deg\u00a0\u00bb background_color_gradient_end_position=\u00a0\u00bb90%\u00a0\u00bb background_color_gradient_start_position=\u00a0\u00bb20%\u00a0\u00bb][et_pb_row admin_label=\u00a0\u00bbPricing Paln Title Area\u00a0\u00bb make_fullwidth=\u00a0\u00bbon\u00a0\u00bb use_custom_gutter=\u00a0\u00bbon\u00a0\u00bb gutter_width=\u00a0\u00bb2&Prime; custom_padding=\u00a0\u00bb|||\u00a0\u00bb make_equal=\u00a0\u00bbon\u00a0\u00bb background_color_2=\u00a0\u00bb#ffffff\u00a0\u00bb background_color_3=\u00a0\u00bb#ffffff\u00a0\u00bb _builder_version=\u00a0\u00bb3.0.101&Prime; use_background_color_gradient=\u00a0\u00bbon\u00a0\u00bb background_color_gradient_start=\u00a0\u00bb#b9121b\u00a0\u00bb background_color_gradient_end=\u00a0\u00bb#4c1b1b\u00a0\u00bb background_color_gradient_type=\u00a0\u00bbradial\u00a0\u00bb background_color_gradient_start_position=\u00a0\u00bb20%\u00a0\u00bb][et_pb_column type=\u00a0\u00bb4_4&Prime;][et_pb_divider show_divider=\u00a0\u00bbon\u00a0\u00bb divider_position=\u00a0\u00bbcenter\u00a0\u00bb divider_weight=\u00a0\u00bb2px\u00a0\u00bb _builder_version=\u00a0\u00bb3.0.92&Prime; max_width=\u00a0\u00bb50px\u00a0\u00bb module_alignment=\u00a0\u00bbcenter\u00a0\u00bb custom_margin=\u00a0\u00bb||15px|\u00a0\u00bb custom_padding=\u00a0\u00bb|||\u00a0\u00bb animation_style=\u00a0\u00bbslide\u00a0\u00bb animation_direction=\u00a0\u00bbtop\u00a0\u00bb animation_intensity_slide=\u00a0\u00bb20%\u00a0\u00bb animation_starting_opacity=\u00a0\u00bb100%\u00a0\u00bb \/][et_pb_text admin_label=\u00a0\u00bbTitle\u00a0\u00bb _builder_version=\u00a0\u00bb3.0.106&Prime; header_2_font=\u00a0\u00bbBree Serif|700|||||||\u00a0\u00bb header_2_text_align=\u00a0\u00bbcenter\u00a0\u00bb header_2_font_size=\u00a0\u00bb48px\u00a0\u00bb custom_margin=\u00a0\u00bb|||\u00a0\u00bb animation_style=\u00a0\u00bbfade\u00a0\u00bb animation_direction=\u00a0\u00bbleft\u00a0\u00bb animation_starting_opacity=\u00a0\u00bb100%\u00a0\u00bb background_layout=\u00a0\u00bbdark\u00a0\u00bb header_2_font_size_tablet=\u00a0\u00bb16px\u00a0\u00bb header_2_font_size_phone=\u00a0\u00bb14px\u00a0\u00bb header_2_font_size_last_edited=\u00a0\u00bbon|phone\u00a0\u00bb]<\/p>\n<h2>Don par ch\u00e8que<\/h2>\n<p>[\/et_pb_text][\/et_pb_column][\/et_pb_row][et_pb_row admin_label=\u00a0\u00bbPricing Plan Area\u00a0\u00bb custom_width_px=\u00a0\u00bb1280px\u00a0\u00bb _builder_version=\u00a0\u00bb3.0.93&Prime; background_color=\u00a0\u00bb#ffffff\u00a0\u00bb make_fullwidth=\u00a0\u00bbon\u00a0\u00bb module_alignment=\u00a0\u00bbcenter\u00a0\u00bb][et_pb_column type=\u00a0\u00bb4_4&Prime;][et_pb_text _builder_version=\u00a0\u00bb3.0.106&Prime; background_layout=\u00a0\u00bblight\u00a0\u00bb text_font_size=\u00a0\u00bb30px\u00a0\u00bb text_orientation=\u00a0\u00bbcenter\u00a0\u00bb custom_padding=\u00a0\u00bb40px|||\u00a0\u00bb text_font_size_tablet=\u00a0\u00bb16px\u00a0\u00bb text_font_size_phone=\u00a0\u00bb14px\u00a0\u00bb text_font_size_last_edited=\u00a0\u00bbon|phone\u00a0\u00bb]<\/p>\n<p>Libell\u00e9 votre ch\u00e8que au nom de \u201c<span style=\"color: #b9121b;\">Association A.C.E.S<\/span>\u201d<\/p>\n<p>[\/et_pb_text][et_pb_text _builder_version=\u00a0\u00bb3.0.106&Prime; background_layout=\u00a0\u00bblight\u00a0\u00bb text_font_size=\u00a0\u00bb30px\u00a0\u00bb text_orientation=\u00a0\u00bbcenter\u00a0\u00bb custom_padding=\u00a0\u00bb40px|||\u00a0\u00bb text_font_size_tablet=\u00a0\u00bb16px\u00a0\u00bb text_font_size_phone=\u00a0\u00bb14px\u00a0\u00bb text_font_size_last_edited=\u00a0\u00bbon|phone\u00a0\u00bb]<\/p>\n<p>Adresse : <span style=\"color: #b9121b;\">association A.C.E.S \u00e9cole Malik ibn Anas<\/span><\/p>\n<p><span style=\"color: #b9121b;\">17 all\u00e9e Louis Br\u00e9guet 93420 Villepinte<\/span><\/p>\n<p>[\/et_pb_text][\/et_pb_column][\/et_pb_row][\/et_pb_section][et_pb_section bb_built=\u00a0\u00bb1&Prime; admin_label=\u00a0\u00bbSection #6 &#8211; Footer\u00a0\u00bb _builder_version=\u00a0\u00bb3.0.92&Prime; background_image=\u00a0\u00bbhttps:\/\/ecoleaces.com\/wp-content\/uploads\/2017\/12\/preview.jpg\u00a0\u00bb custom_margin=\u00a0\u00bb0px|||\u00a0\u00bb custom_padding=\u00a0\u00bb0px||0px|\u00a0\u00bb custom_css_main_element=\u00a0\u00bbborder-top-color: #B9121B; || border-top-style: solid; || border-top-width: 10px!important;\u00a0\u00bb collapsed=\u00a0\u00bboff\u00a0\u00bb prev_background_color=\u00a0\u00bb#000000&Prime; global_module=\u00a0\u00bb210753&Prime;][et_pb_row admin_label=\u00a0\u00bbRow\u00a0\u00bb global_parent=\u00a0\u00bb210753&Prime; make_fullwidth=\u00a0\u00bbon\u00a0\u00bb custom_padding=\u00a0\u00bb50px||30px|\u00a0\u00bb padding_mobile=\u00a0\u00bbon\u00a0\u00bb column_padding_mobile=\u00a0\u00bbon\u00a0\u00bb parallax_method_1=\u00a0\u00bboff\u00a0\u00bb parallax_method_2=\u00a0\u00bboff\u00a0\u00bb parallax_method_3=\u00a0\u00bboff\u00a0\u00bb background_position_1=\u00a0\u00bbtop_left\u00a0\u00bb background_position_2=\u00a0\u00bbtop_left\u00a0\u00bb background_repeat_1=\u00a0\u00bbno-repeat\u00a0\u00bb background_repeat_2=\u00a0\u00bbno-repeat\u00a0\u00bb _builder_version=\u00a0\u00bb3.0.69&Prime; background_size=\u00a0\u00bbinitial\u00a0\u00bb background_position=\u00a0\u00bbtop_left\u00a0\u00bb background_repeat=\u00a0\u00bbrepeat\u00a0\u00bb][et_pb_column type=\u00a0\u00bb1_4&Prime;][et_pb_divider global_parent=\u00a0\u00bb210753&Prime; height=\u00a0\u00bb60&Prime; disabled_on=\u00a0\u00bbon|on|off\u00a0\u00bb _builder_version=\u00a0\u00bb3.0.69&Prime; hide_on_mobile=\u00a0\u00bbon\u00a0\u00bb \/][et_pb_image global_parent=\u00a0\u00bb210753&Prime; src=\u00a0\u00bbhttps:\/\/ecoleaces.com\/wp-content\/uploads\/2017\/11\/ecusson5-e1502799560828.png\u00a0\u00bb align=\u00a0\u00bbcenter\u00a0\u00bb _builder_version=\u00a0\u00bb3.0.69&Prime; animation_style=\u00a0\u00bbslide\u00a0\u00bb animation_direction=\u00a0\u00bbright\u00a0\u00bb animation_duration=\u00a0\u00bb500ms\u00a0\u00bb animation_intensity_slide=\u00a0\u00bb10%\u00a0\u00bb border_style=\u00a0\u00bbsolid\u00a0\u00bb animation=\u00a0\u00bbright\u00a0\u00bb sticky=\u00a0\u00bboff\u00a0\u00bb show_bottom_space=\u00a0\u00bbon\u00a0\u00bb \/][\/et_pb_column][et_pb_column type=\u00a0\u00bb1_2&Prime;][et_pb_divider global_parent=\u00a0\u00bb210753&Prime; show_divider=\u00a0\u00bbon\u00a0\u00bb divider_position=\u00a0\u00bbcenter\u00a0\u00bb divider_weight=\u00a0\u00bb2px\u00a0\u00bb _builder_version=\u00a0\u00bb3.0.101&Prime; max_width=\u00a0\u00bb75px\u00a0\u00bb module_alignment=\u00a0\u00bbcenter\u00a0\u00bb custom_margin=\u00a0\u00bb||15px|\u00a0\u00bb custom_padding=\u00a0\u00bb|||\u00a0\u00bb animation_style=\u00a0\u00bbslide\u00a0\u00bb animation_direction=\u00a0\u00bbtop\u00a0\u00bb animation_intensity_slide=\u00a0\u00bb20%\u00a0\u00bb animation_starting_opacity=\u00a0\u00bb100%\u00a0\u00bb]<\/p>\n<p>&nbsp;<\/p>\n<p>[\/et_pb_divider][et_pb_text admin_label=\u00a0\u00bbText\u00a0\u00bb global_parent=\u00a0\u00bb210753&Prime; _builder_version=\u00a0\u00bb3.0.106&Prime; text_font=\u00a0\u00bbRaleway|700|||||||\u00a0\u00bb text_font_size=\u00a0\u00bb18&Prime; text_text_color=\u00a0\u00bb#2ea3f2&Prime; text_line_height=\u00a0\u00bb2.2em\u00a0\u00bb background_size=\u00a0\u00bbinitial\u00a0\u00bb background_position=\u00a0\u00bbtop_left\u00a0\u00bb background_repeat=\u00a0\u00bbrepeat\u00a0\u00bb text_orientation=\u00a0\u00bbcenter\u00a0\u00bb module_alignment=\u00a0\u00bbcenter\u00a0\u00bb custom_margin=\u00a0\u00bb||49px|\u00a0\u00bb custom_padding=\u00a0\u00bb0px|||\u00a0\u00bb background_layout=\u00a0\u00bblight\u00a0\u00bb text_font_size_tablet=\u00a0\u00bb14&Prime; text_font_size_last_edited=\u00a0\u00bbon|desktop\u00a0\u00bb]<\/p>\n<p style=\"text-align: center; padding-left: 60px;\"><span style=\"color: #bd8d46;\"><span style=\"margin-right: 3%;\"><a href=\"https:\/\/ecoleaces.com\/index.php\/contact-2\/\">CONTACT\u00a0\u00a0\u00a0\u00a0\u00a0<\/a><a style=\"color: #bd8d46;\" href=\"#\">\u00a0<\/a><\/span>\u00a0<a href=\"https:\/\/ecoleaces.com\/index.php\/espace-dons\/\"><span style=\"margin-right: 3%;\">ESPACE DONS<\/span><\/a>\u00a0<\/span><\/p>\n<p>[\/et_pb_text][et_pb_divider admin_label=\u00a0\u00bbDivider\u00a0\u00bb global_parent=\u00a0\u00bb210753&Prime; show_divider=\u00a0\u00bbon\u00a0\u00bb height=\u00a0\u00bb3&Prime; disabled_on=\u00a0\u00bboff\u00a0\u00bb _builder_version=\u00a0\u00bb3.0.106&Prime; \/][et_pb_text admin_label=\u00a0\u00bbgroupe scolaire mia\u00a0\u00bb global_parent=\u00a0\u00bb210753&Prime; background_layout=\u00a0\u00bbdark\u00a0\u00bb _builder_version=\u00a0\u00bb3.0.106&Prime; text_text_color=\u00a0\u00bb#ffffff\u00a0\u00bb header_font=\u00a0\u00bbBree Serif|700|||||||\u00a0\u00bb header_font_size=\u00a0\u00bb40&Prime; header_font_size_tablet=\u00a0\u00bb30&Prime; header_font_size_last_edited=\u00a0\u00bbon|phone\u00a0\u00bb header_text_color=\u00a0\u00bb#ffffff\u00a0\u00bb background_size=\u00a0\u00bbinitial\u00a0\u00bb background_position=\u00a0\u00bbtop_left\u00a0\u00bb background_repeat=\u00a0\u00bbrepeat\u00a0\u00bb text_orientation=\u00a0\u00bbcenter\u00a0\u00bb module_alignment=\u00a0\u00bbcenter\u00a0\u00bb custom_margin=\u00a0\u00bb||10px|\u00a0\u00bb custom_padding=\u00a0\u00bb33px|||\u00a0\u00bb]<\/p>\n<h1>GROUPE SCOLAIRE MALIK IBN ANAS<\/h1>\n<p>[\/et_pb_text][et_pb_text admin_label=\u00a0\u00bbText\u00a0\u00bb global_parent=\u00a0\u00bb210753&Prime; _builder_version=\u00a0\u00bb3.0.106&Prime; text_font=\u00a0\u00bbOpen Sans||||\u00a0\u00bb text_font_size=\u00a0\u00bb16&Prime; text_text_color=\u00a0\u00bb#ffffff\u00a0\u00bb text_line_height=\u00a0\u00bb1.5em\u00a0\u00bb background_size=\u00a0\u00bbinitial\u00a0\u00bb background_position=\u00a0\u00bbtop_left\u00a0\u00bb background_repeat=\u00a0\u00bbrepeat\u00a0\u00bb text_orientation=\u00a0\u00bbcenter\u00a0\u00bb module_alignment=\u00a0\u00bbcenter\u00a0\u00bb custom_margin=\u00a0\u00bb||30px|\u00a0\u00bb custom_margin_tablet=\u00a0\u00bb|20px|10px|\u00a0\u00bb custom_margin_last_edited=\u00a0\u00bbon|tablet\u00a0\u00bb custom_padding=\u00a0\u00bb30px|||\u00a0\u00bb background_layout=\u00a0\u00bblight\u00a0\u00bb text_font_size_tablet=\u00a0\u00bb14&Prime; text_font_size_last_edited=\u00a0\u00bbon|phone\u00a0\u00bb custom_padding_tablet=\u00a0\u00bb30px|20px|10px|\u00a0\u00bb custom_padding_last_edited=\u00a0\u00bbon|tablet\u00a0\u00bb max_width_tablet=\u00a0\u00bb90%\u00a0\u00bb max_width_last_edited=\u00a0\u00bboff|phone\u00a0\u00bb]<\/p>\n<pre>Copyright \u00a9 2018. Cr\u00e9ation: A.C.E.S\r\nassociation culturelle pour l'\u00e9ducation et le savoir.\r\n<a href=\"https:\/\/ecoleaces.com\/index.php\/mentions\/\">Mentions l\u00e9gales<\/a><\/pre>\n<p>[\/et_pb_text][\/et_pb_column][et_pb_column type=\u00a0\u00bb1_4&Prime;][et_pb_divider global_parent=\u00a0\u00bb210753&Prime; height=\u00a0\u00bb60&Prime; disabled_on=\u00a0\u00bbon|on|off\u00a0\u00bb _builder_version=\u00a0\u00bb3.0.69&Prime; hide_on_mobile=\u00a0\u00bbon\u00a0\u00bb \/][et_pb_image global_parent=\u00a0\u00bb210753&Prime; src=\u00a0\u00bbhttps:\/\/ecoleaces.com\/wp-content\/uploads\/2017\/11\/ecusson5-e1502799560828.png\u00a0\u00bb align=\u00a0\u00bbcenter\u00a0\u00bb _builder_version=\u00a0\u00bb3.0.105&Prime; animation_style=\u00a0\u00bbslide\u00a0\u00bb animation_direction=\u00a0\u00bbleft\u00a0\u00bb animation_duration=\u00a0\u00bb500ms\u00a0\u00bb animation_intensity_slide=\u00a0\u00bb10%\u00a0\u00bb show_bottom_space=\u00a0\u00bbon\u00a0\u00bb show_in_lightbox=\u00a0\u00bboff\u00a0\u00bb url_new_window=\u00a0\u00bboff\u00a0\u00bb use_overlay=\u00a0\u00bboff\u00a0\u00bb always_center_on_mobile=\u00a0\u00bbon\u00a0\u00bb force_fullwidth=\u00a0\u00bboff\u00a0\u00bb disabled=\u00a0\u00bboff\u00a0\u00bb disabled_on=\u00a0\u00bbon|on|\u00a0\u00bb \/][\/et_pb_column][\/et_pb_row][\/et_pb_section]<\/p>\n","protected":false},"excerpt":{"rendered":"<p>Don par ch\u00e8que Libell\u00e9 votre ch\u00e8que au nom de \u201cAssociation A.C.E.S\u201d Adresse : association A.C.E.S \u00e9cole Malik ibn Anas 17 all\u00e9e Louis Br\u00e9guet 93420 Villepinte &nbsp; CONTACT\u00a0\u00a0\u00a0\u00a0\u00a0\u00a0\u00a0ESPACE DONS\u00a0 GROUPE SCOLAIRE MALIK IBN ANAS Copyright \u00a9 2018. Cr\u00e9ation: A.C.E.S association culturelle pour l&rsquo;\u00e9ducation et le savoir. Mentions l\u00e9gales<\/p>\n","protected":false},"author":1,"featured_media":0,"parent":0,"menu_order":0,"comment_status":"closed","ping_status":"closed","template":"","meta":{"_et_pb_use_builder":"on","_et_pb_old_content":"","_et_gb_content_width":"","_monsterinsights_skip_tracking":false,"_monsterinsights_sitenote_active":false,"_monsterinsights_sitenote_note":"","_monsterinsights_sitenote_category":0,"footnotes":""},"_links":{"self":[{"href":"https:\/\/ecoleaces.com\/index.php\/wp-json\/wp\/v2\/pages\/211575"}],"collection":[{"href":"https:\/\/ecoleaces.com\/index.php\/wp-json\/wp\/v2\/pages"}],"about":[{"href":"https:\/\/ecoleaces.com\/index.php\/wp-json\/wp\/v2\/types\/page"}],"author":[{"embeddable":true,"href":"https:\/\/ecoleaces.com\/index.php\/wp-json\/wp\/v2\/users\/1"}],"replies":[{"embeddable":true,"href":"https:\/\/ecoleaces.com\/index.php\/wp-json\/wp\/v2\/comments?post=211575"}],"version-history":[{"count":6,"href":"https:\/\/ecoleaces.com\/index.php\/wp-json\/wp\/v2\/pages\/211575\/revisions"}],"predecessor-version":[{"id":212458,"href":"https:\/\/ecoleaces.com\/index.php\/wp-json\/wp\/v2\/pages\/211575\/revisions\/212458"}],"wp:attachment":[{"href":"https:\/\/ecoleaces.com\/index.php\/wp-json\/wp\/v2\/media?parent=211575"}],"curies":[{"name":"wp","href":"https:\/\/api.w.org\/{rel}","templated":true}]}}